{"id":11325,"date":"2024-02-07T15:01:08","date_gmt":"2024-02-07T14:01:08","guid":{"rendered":"https:\/\/lesbruleriesmodernes.com\/?page_id=11325"},"modified":"2024-02-07T15:45:31","modified_gmt":"2024-02-07T14:45:31","slug":"mentions-legales","status":"publish","type":"page","link":"https:\/\/lesbruleriesmodernes.com\/en\/mentions-legales\/","title":{"rendered":"Terms &amp; conditions"},"content":{"rendered":"<div data-elementor-type=\"wp-page\" data-elementor-id=\"11325\" class=\"elementor elementor-11325\">\n\t\t\t\t\t\t<section class=\"elementor-section elementor-top-section elementor-element elementor-element-1775682 elementor-section-boxed elementor-section-height-default elementor-section-height-default\" data-id=\"1775682\" data-element_type=\"section\" data-e-type=\"section\">\n\t\t\t\t\t\t<div class=\"elementor-container elementor-column-gap-default\">\n\t\t\t\t\t<div class=\"elementor-column elementor-col-100 elementor-top-column elementor-element elementor-element-10c2176\" data-id=\"10c2176\" data-element_type=\"column\" data-e-type=\"column\">\n\t\t\t<div class=\"elementor-widget-wrap elementor-element-populated\">\n\t\t\t\t\t\t<div class=\"elementor-element elementor-element-3710dd9 elementor-widget elementor-widget-heading\" data-id=\"3710dd9\" data-element_type=\"widget\" data-e-type=\"widget\" data-widget_type=\"heading.default\">\n\t\t\t\t<div class=\"elementor-widget-container\">\n\t\t\t\t\t<h2 class=\"elementor-heading-title elementor-size-default\">Terms &amp; conditions<\/h2>\t\t\t\t<\/div>\n\t\t\t\t<\/div>\n\t\t\t\t<div class=\"elementor-element elementor-element-7a19263 elementor-widget elementor-widget-text-editor\" data-id=\"7a19263\" data-element_type=\"widget\" data-e-type=\"widget\" data-widget_type=\"text-editor.default\">\n\t\t\t\t<div class=\"elementor-widget-container\">\n\t\t\t\t\t\t\t\t\t<p><strong>Identit\u00e9 de l&rsquo;entreprise :<\/strong><\/p><p>Les Br\u00fbleries Modernes, nom commercial appartenant \u00e0 la SAS Distillerie Vinet-Delpech<\/p><p>Immatricul\u00e9e au Registre du Commerce et des Soci\u00e9t\u00e9s de Saintes sous le n\u00b0 527 250 120<\/p><p>Montant du capital social : 500 000\u20ac<\/p><p>Adresse de l&rsquo;entreprise\u00a0 : 3, impasse F\u00e9lix Chartier 17520 Brie-Sous-Archiac<\/p><p>Num\u00e9ro de t\u00e9l\u00e9phone de l&rsquo;entreprise : 05.46.70.04.66<\/p><p>Adresse e-mail de l&rsquo;entreprise : contact@lesbruleriesmodernes.com<\/p><p>\u00a0<\/p><p><strong>\u00c9diteur du Site :<\/strong><\/p><p class=\"Style1\">Le site Internet www.lesbruleriesmodernes.com a \u00e9t\u00e9 \u00e9dit\u00e9 par IBAZ\u00a0 (DOUSSAU DE BAZIGNAN ISABELLE) identifi\u00e9 comme suit :<\/p><p>Forme sociale : Entrepreneur individuel<\/p><p>Immatricul\u00e9 au Registre du Commerce et des Soci\u00e9t\u00e9s de Auch sous le n\u00b0 824321871<\/p><p>Adresse du si\u00e8ge social : BAZIGNAN, 32480 LIGARDES<\/p><p>Adresse courriel :\u00a0idoussaudb@gmail.com<\/p><p>\u00a0<\/p><p><strong>Responsables de la mise \u00e0 jour du Site :<\/strong><\/p><p>IBAZ\/Les Br\u00fbleries Modernes<\/p><p>\u00a0<\/p><p class=\"Style1\"><strong>H\u00e9bergement du site\u00a0<\/strong><br \/>Le site Internet www.lesbruleriesmodernes.com est h\u00e9berg\u00e9 par la soci\u00e9t\u00e9 Gandi SAS dont le si\u00e8ge social est situ\u00e9 au 63-65 boulevard Mass\u00e9na Paris (75013) FRANCE , joignable gr\u00e2ce au num\u00e9ro de t\u00e9l\u00e9phone : 01.70.37.76.61.<\/p><p>\u00a0<\/p><p><strong>Acc\u00e8s au site\u00a0<\/strong><br \/>Le site est accessible en tout endroit, 7j\/7, 24h\/24 sauf cas de force majeure, de maintenance ou d&rsquo;interruption programm\u00e9e ou non <br \/>En cas de modification, interruption ou suspension du site, l&rsquo;\u00e9diteur\/responsable de mise \u00e0 jour ne sauraient \u00eatre tenus responsables.<\/p><p>\u00a0<\/p><p><strong>Acc\u00e8s au site <\/strong>&#8211; \u00c2ge l\u00e9gal<\/p><p>Le site www.lesbruleriesmodernes.com est un site Internet fran\u00e7ais qui a pour objet de pr\u00e9senter l\u2019activit\u00e9 et les alcools commercialis\u00e9s par la soci\u00e9t\u00e9 LES BR\u00dbLERIES MODERNES. Compte tenu de son objet et des informations qu\u2019il est susceptible de comporter, l\u2019acc\u00e8s au site est exclusivement r\u00e9serv\u00e9 aux personnes disposant de l\u2019\u00e2ge l\u00e9gal requis pour consommer ou acheter de l\u2019alcool. Il est ainsi rappel\u00e9 qu\u2019en France, cet \u00e2ge l\u00e9gal est fix\u00e9 \u00e0 18 ans. Lors de l\u2019acc\u00e8s au site, il est demand\u00e9 \u00e0 l\u2019internaute de d\u00e9clarer qu\u2019il dispose bien de l\u2019\u00e2ge l\u00e9gal requis en cliquant la case pr\u00e9vue \u00e0 cet effet. L\u2019acc\u00e8s au site ne sera alors possible qu\u2019aux internautes ayant d\u00e9clar\u00e9 disposer de l\u2019\u00e2ge l\u00e9gal. Toute fausse d\u00e9claration engagera la responsabilit\u00e9 de son auteur et ne saurait engager la responsabilit\u00e9 de la soci\u00e9t\u00e9 LES BR\u00dbLERIES MODERNES, laquelle n\u2019est pas en mesure de v\u00e9rifier les d\u00e9clarations des Internautes.<\/p><p>\u00a0<\/p><p><strong>Liens Externes :<\/strong><\/p><p>Ce site peut contenir des liens vers des sites externes sur lesquels nous n&rsquo;avons aucun contr\u00f4le. Nous d\u00e9clinons toute responsabilit\u00e9 quant au contenu de ces sites externes.<\/p><p>\u00a0<\/p><p>Toute utilisation, reproduction, diffusion, commercialisation, modification de toute ou partie du site, sans autorisation de l\u2019\u00e9diteur est prohib\u00e9e et pourra entra\u00eener des actions et poursuites judiciaires telles que pr\u00e9vues par le Code de la propri\u00e9t\u00e9 intellectuelle et le Code civil.<\/p>\t\t\t\t\t\t\t\t<\/div>\n\t\t\t\t<\/div>\n\t\t\t\t\t<\/div>\n\t\t<\/div>\n\t\t\t\t\t<\/div>\n\t\t<\/section>\n\t\t\t\t<\/div>","protected":false},"excerpt":{"rendered":"<p>Mentions l\u00e9gales Identit\u00e9 de l&rsquo;entreprise : Les Br\u00fbleries Modernes, nom commercial appartenant \u00e0 la SAS Distillerie Vinet-Delpech Immatricul\u00e9e au Registre du Commerce et des Soci\u00e9t\u00e9s de Saintes sous le n\u00b0 527 250 120 Montant du capital social : 500 000\u20ac Adresse de l&rsquo;entreprise\u00a0 : 3, impasse F\u00e9lix Chartier 17520 Brie-Sous-Archiac Num\u00e9ro de t\u00e9l\u00e9phone de l&rsquo;entreprise [&hellip;]<\/p>","protected":false},"author":1,"featured_media":0,"parent":0,"menu_order":0,"comment_status":"closed","ping_status":"closed","template":"","meta":{"om_disable_all_campaigns":false,"_monsterinsights_skip_tracking":false,"_monsterinsights_sitenote_active":false,"_monsterinsights_sitenote_note":"","_monsterinsights_sitenote_category":0,"_uf_show_specific_survey":0,"_uf_disable_surveys":false,"footnotes":""},"class_list":["post-11325","page","type-page","status-publish","hentry"],"aioseo_notices":[],"_links":{"self":[{"href":"https:\/\/lesbruleriesmodernes.com\/en\/wp-json\/wp\/v2\/pages\/11325","targetHints":{"allow":["GET"]}}],"collection":[{"href":"https:\/\/lesbruleriesmodernes.com\/en\/wp-json\/wp\/v2\/pages"}],"about":[{"href":"https:\/\/lesbruleriesmodernes.com\/en\/wp-json\/wp\/v2\/types\/page"}],"author":[{"embeddable":true,"href":"https:\/\/lesbruleriesmodernes.com\/en\/wp-json\/wp\/v2\/users\/1"}],"replies":[{"embeddable":true,"href":"https:\/\/lesbruleriesmodernes.com\/en\/wp-json\/wp\/v2\/comments?post=11325"}],"version-history":[{"count":0,"href":"https:\/\/lesbruleriesmodernes.com\/en\/wp-json\/wp\/v2\/pages\/11325\/revisions"}],"wp:attachment":[{"href":"https:\/\/lesbruleriesmodernes.com\/en\/wp-json\/wp\/v2\/media?parent=11325"}],"curies":[{"name":"wp","href":"https:\/\/api.w.org\/{rel}","templated":true}]}}