{"id":10504,"date":"2021-10-03T12:13:26","date_gmt":"2021-10-03T10:13:26","guid":{"rendered":"https:\/\/lesbruleriesmodernes.com\/?post_type=product&#038;p=10504"},"modified":"2024-01-18T11:33:06","modified_gmt":"2024-01-18T10:33:06","slug":"glen-mac-clay","status":"publish","type":"product","link":"https:\/\/lesbruleriesmodernes.com\/en\/product\/glen-mac-clay\/","title":{"rendered":"Glen Mac Clay"},"content":{"rendered":"<p><img decoding=\"async\" class=\"alignnone size-full wp-image-10918\" src=\"https:\/\/lesbruleriesmodernes.com\/wp-content\/uploads\/2023\/06\/la-bouche.svg\" alt=\"\" width=\"30\" height=\"45\" \/> <span class=\"OYPEnA text-decoration-none text-strikethrough-none\">Brillant avec de l\u00e9gers reflets dor\u00e9s<\/span><\/p>\n<p>&nbsp;<\/p>\n<div class=\"page\" title=\"Page 3\">\n<div class=\"layoutArea\">\n<div class=\"column\">\n<p><a href=\"https:\/\/lesbruleriesmodernes.com\/wp-content\/uploads\/2023\/06\/nez_Plan-de-travail-1.svg\"><img decoding=\"async\" class=\"alignnone size-full wp-image-10916\" src=\"https:\/\/lesbruleriesmodernes.com\/wp-content\/uploads\/2023\/06\/nez_Plan-de-travail-1.svg\" alt=\"\" width=\"50\" height=\"50\" \/><\/a> <span class=\"OYPEnA text-decoration-none text-strikethrough-none\">Notes fruit\u00e9es de poires, pommes et raisins secs<\/span><\/p>\n<p>&nbsp;<\/p>\n<p><img decoding=\"async\" class=\"alignnone size-full wp-image-10917\" src=\"https:\/\/lesbruleriesmodernes.com\/wp-content\/uploads\/2023\/06\/loeil.svg\" alt=\"\" width=\"44\" height=\"44\" \/>\u00a0 <span class=\"OYPEnA text-decoration-none text-strikethrough-none\">\u00c9quilibr\u00e9 et rond, notes rafra\u00eechissantes de malt et de poires<\/span><\/p>\n<\/div>\n<\/div>\n<\/div>","protected":false},"excerpt":{"rendered":"<p>Glen Mac Clay Blended Scotch Whisky has been carefully selected in the Southern Highlands.<\/p>\n<p>It is mainly produced from malted wheat and barley distilled in column stills.<\/p>\n<p>It is then blended with an unpeated Blended Malt from the same distillery and distilled in a copper still.<\/p>\n<p>It is matured in Bourbon casks for a minimum of three years.<\/p>","protected":false},"featured_media":10507,"comment_status":"closed","ping_status":"closed","template":"","meta":{"om_disable_all_campaigns":false,"_monsterinsights_skip_tracking":false,"_monsterinsights_sitenote_active":false,"_monsterinsights_sitenote_note":"","_monsterinsights_sitenote_category":0,"_uf_show_specific_survey":0,"_uf_disable_surveys":false},"product_cat":[43],"product_tag":[],"class_list":["post-10504","product","type-product","status-publish","has-post-thumbnail","hentry","product_cat-whisky"],"aioseo_notices":[],"_links":{"self":[{"href":"https:\/\/lesbruleriesmodernes.com\/en\/wp-json\/wp\/v2\/product\/10504","targetHints":{"allow":["GET"]}}],"collection":[{"href":"https:\/\/lesbruleriesmodernes.com\/en\/wp-json\/wp\/v2\/product"}],"about":[{"href":"https:\/\/lesbruleriesmodernes.com\/en\/wp-json\/wp\/v2\/types\/product"}],"replies":[{"embeddable":true,"href":"https:\/\/lesbruleriesmodernes.com\/en\/wp-json\/wp\/v2\/comments?post=10504"}],"wp:featuredmedia":[{"embeddable":true,"href":"https:\/\/lesbruleriesmodernes.com\/en\/wp-json\/wp\/v2\/media\/10507"}],"wp:attachment":[{"href":"https:\/\/lesbruleriesmodernes.com\/en\/wp-json\/wp\/v2\/media?parent=10504"}],"wp:term":[{"taxonomy":"product_cat","embeddable":true,"href":"https:\/\/lesbruleriesmodernes.com\/en\/wp-json\/wp\/v2\/product_cat?post=10504"},{"taxonomy":"product_tag","embeddable":true,"href":"https:\/\/lesbruleriesmodernes.com\/en\/wp-json\/wp\/v2\/product_tag?post=10504"}],"curies":[{"name":"wp","href":"https:\/\/api.w.org\/{rel}","templated":true}]}}