{"id":11222,"date":"2024-01-13T16:58:34","date_gmt":"2024-01-13T15:58:34","guid":{"rendered":"https:\/\/lesbruleriesmodernes.com\/?post_type=product&#038;p=11222"},"modified":"2024-04-11T10:20:36","modified_gmt":"2024-04-11T08:20:36","slug":"palisson-batch-03","status":"publish","type":"product","link":"https:\/\/lesbruleriesmodernes.com\/en\/product\/palisson-batch-03\/","title":{"rendered":"Palisson batch 03"},"content":{"rendered":"<p><img decoding=\"async\" class=\"alignnone size-full wp-image-10918\" src=\"https:\/\/lesbruleriesmodernes.com\/wp-content\/uploads\/2023\/06\/la-bouche.svg\" alt=\"\" width=\"30\" height=\"45\" \/> \u00a0\u00a0\u00a0 <span class=\"OYPEnA text-decoration-none text-strikethrough-none\">Golden appearance<\/span><\/p>\n<p>&nbsp;<\/p>\n<div class=\"page\" title=\"Page 3\">\n<div class=\"layoutArea\">\n<div class=\"column\">\n<p><a href=\"https:\/\/lesbruleriesmodernes.com\/wp-content\/uploads\/2023\/06\/nez_Plan-de-travail-1.svg\"><img decoding=\"async\" class=\"alignnone size-full wp-image-10916\" src=\"https:\/\/lesbruleriesmodernes.com\/wp-content\/uploads\/2023\/06\/nez_Plan-de-travail-1.svg\" alt=\"\" width=\"50\" height=\"50\" \/><\/a> Round and perfumed. Aromas of pear, blond tobacco and warm bread.<\/p>\n<p>&nbsp;<\/p>\n<p><img decoding=\"async\" class=\"alignnone size-full wp-image-10917\" src=\"https:\/\/lesbruleriesmodernes.com\/wp-content\/uploads\/2023\/06\/loeil.svg\" alt=\"\" width=\"44\" height=\"44\" \/>\u00a0 Bouche souple, l\u00e9g\u00e8re note fum\u00e9e, saveurs de poire, c\u00e9r\u00e9ales, et de p\u00e2te \u00e0 pain, jolie longueur en bouche.<\/p>\n<\/div>\n<\/div>\n<\/div>","protected":false},"excerpt":{"rendered":"<p>From a French mash, Palisson Batch 03 is made using the traditional method of double distillation in our copper pot stills.<\/p>\n<p>The eau-de-vie then join Palisson cellar to start its maturation. It will last at least three years, in oak barrels that were previously filled with Bourbon.<\/p>","protected":false},"featured_media":11262,"comment_status":"closed","ping_status":"closed","template":"","meta":{"om_disable_all_campaigns":false,"_monsterinsights_skip_tracking":false,"_monsterinsights_sitenote_active":false,"_monsterinsights_sitenote_note":"","_monsterinsights_sitenote_category":0,"_uf_show_specific_survey":0,"_uf_disable_surveys":false},"product_cat":[105],"product_tag":[],"class_list":["post-11222","product","type-product","status-publish","has-post-thumbnail","hentry","product_cat-whisky-de-france","new"],"aioseo_notices":[],"_links":{"self":[{"href":"https:\/\/lesbruleriesmodernes.com\/en\/wp-json\/wp\/v2\/product\/11222","targetHints":{"allow":["GET"]}}],"collection":[{"href":"https:\/\/lesbruleriesmodernes.com\/en\/wp-json\/wp\/v2\/product"}],"about":[{"href":"https:\/\/lesbruleriesmodernes.com\/en\/wp-json\/wp\/v2\/types\/product"}],"replies":[{"embeddable":true,"href":"https:\/\/lesbruleriesmodernes.com\/en\/wp-json\/wp\/v2\/comments?post=11222"}],"wp:featuredmedia":[{"embeddable":true,"href":"https:\/\/lesbruleriesmodernes.com\/en\/wp-json\/wp\/v2\/media\/11262"}],"wp:attachment":[{"href":"https:\/\/lesbruleriesmodernes.com\/en\/wp-json\/wp\/v2\/media?parent=11222"}],"wp:term":[{"taxonomy":"product_cat","embeddable":true,"href":"https:\/\/lesbruleriesmodernes.com\/en\/wp-json\/wp\/v2\/product_cat?post=11222"},{"taxonomy":"product_tag","embeddable":true,"href":"https:\/\/lesbruleriesmodernes.com\/en\/wp-json\/wp\/v2\/product_tag?post=11222"}],"curies":[{"name":"wp","href":"https:\/\/api.w.org\/{rel}","templated":true}]}}